{"id":11,"date":"2020-09-10T17:45:36","date_gmt":"2020-09-10T17:45:36","guid":{"rendered":"https:\/\/efestext.de\/?page_id=11"},"modified":"2023-03-22T09:01:06","modified_gmt":"2023-03-22T09:01:06","slug":"impressum","status":"publish","type":"page","link":"https:\/\/efestext.de\/?page_id=11","title":{"rendered":"impressum"},"content":{"rendered":"\n<h1 class=\"wp-block-heading\"><a href=\"https:\/\/propermedia.de\/impressum\/\">impressum<\/a><\/h1>\n\n\n\n<p>(angaben gem\u00e4\u00df \u00a7 5 tmg)<\/p>\n\n\n\n<p>holophrastus von rumoltstorff \/ mailkontakt \u00fcber: fuspecht [at] gmx [punkt] de \/ verantwortlich f\u00fcr den inhalt nach \u00a7 55 abs. 2 rstv: f.u.specht \/ schie\u00dfst\u00e4tte 1 \/ 82234 we\u00dfling \/ telefon: 08153952045<\/p>\n\n\n\n<p>haftungsausschluss:<\/p>\n\n\n\n<p>haftung f\u00fcr inhalte: die inhalte unserer seiten wurden mit gr\u00f6\u00dfter sorgfalt erstellt. f\u00fcr die richtigkeit, vollst\u00e4ndigkeit und aktualit\u00e4t der inhalte k\u00f6nnen wir jedoch keine gew\u00e4hr \u00fcbernehmen. als diensteanbieter sind wir gem\u00e4\u00df \u00a7 7 abs.1 tmg f\u00fcr eigene inhalte auf diesen seiten nach den allgemeinen gesetzen verantwortlich. Nach \u00a7\u00a7 8 bis 10 tmg sind wir als diensteanbieter jedoch nicht verpflichtet, \u00fcbermittelte oder gespeicherte fremde informationen zu \u00fcberwachen oder nach umst\u00e4nden zu forschen, die auf eine rechtswidrige t\u00e4tigkeit hinweisen. verpflichtungen zur entfernung oder sperrung der nutzung von informationen nach den allgemeinen gesetzen bleiben hiervon unber\u00fchrt. eine diesbez\u00fcgliche haftung ist jedoch erst ab dem zeitpunkt der kenntnis einer konkreten rechtsverletzung m\u00f6glich. bei bekanntwerden von entsprechenden rechtsverletzungen werden wir diese inhalte umgehend entfernen.<\/p>\n\n\n\n<p>haftung f\u00fcr links: unser angebot kann links zu externen webseiten dritter enthalten, auf deren inhalte wir keinen einfluss haben. deshalb k\u00f6nnen wir f\u00fcr diese fremden inhalte auch keine gew\u00e4hr \u00fcbernehmen. f\u00fcr die inhalte der verlinkten seiten ist stets der jeweilige anbieter oder betreiber der seiten verantwortlich. die verlinkten seiten wurden zum zeitpunkt der verlinkung auf m\u00f6gliche rechtsverst\u00f6\u00dfe \u00fcberpr\u00fcft. rechtswidrige inhalte waren zum zeitpunkt der verlinkung nicht erkennbar. eine permanente inhaltliche kontrolle der verlinkten seiten ist jedoch ohne konkrete anhaltspunkte einer rechtsverletzung nicht zumutbar. bei bekanntwerden von rechtsverletzungen werden wir derartige links umgehend entfernen.<\/p>\n\n\n\n<p>urheberrecht: die durch die seitenbetreiber erstellten inhalte und werke auf diesen seiten unterliegen dem deutschen urheberrecht. die vervielf\u00e4ltigung, bearbeitung, verbreitung und jede art der verwertung au\u00dferhalb der grenzen des urheberrechtes bed\u00fcrfen der schriftlichen zustimmung des jeweiligen autors bzw. erstellers. downloads und kopien dieser seite sind nur f\u00fcr den privaten, nicht kommerziellen gebrauch gestattet. soweit die inhalte auf dieser seite nicht vom betreiber erstellt wurden, werden die urheberrechte dritter beachtet. insbesondere werden inhalte dritter als solche gekennzeichnet. sollten sie trotzdem eine urheberrechtsverletzung entdecken, bitten wir um einen entsprechenden hinweis. bei bekanntwerden von rechtsverletzungen werden wir derartige inhalte umgehend entfernen.<\/p>\n\n\n\n<p>datenschutz: die Nutzung unserer webseite ist in der regel ohne angabe personenbezogener daten m\u00f6glich. soweit auf unseren seiten personenbezogene daten (beispielsweise name, anschrift oder email-adressen) erhoben werden, erfolgt dies, soweit m\u00f6glich, stets auf freiwilliger basis. diese daten werden ohne ihre ausdr\u00fcckliche zustimmung nicht an dritte weitergegeben.<\/p>\n\n\n\n<p>erkl\u00e4rung des verantwortlichen eigent\u00fcmers dieser seite: mit diesem webauftritt wollen wir ausschlie\u00dflich \u00fcber uns informieren. der besuch auf unserer webseite ist kostenlos. wir wollen nichts verkaufen und sammeln keinerlei daten \u00fcber unsere seitenbesucher. wir geben demzufolge auch keinerlei daten weiter. wir weisen aber darauf hin, dass wir weder eine vorstellung davon noch einfluss darauf haben, was etwa internetprovider und telekommunikationsdienste mit den daten machen, die durch ihren besuch in unserem webauftritt m\u00f6glicherweise entstehen. da ein solcher \u2013 von uns ausdr\u00fccklich abgelehnter \u2013 datenabgriff au\u00dferhalb unserer kontrollm\u00f6glichkeiten liegt, k\u00f6nnen und werden wir daf\u00fcr keinerlei verantwortung \u00fcbernehmen.<\/p>\n\n\n\n<p>wir weisen darauf hin, dass die daten\u00fcbertragung im internet (z.B. bei der kommunikation per email) sicherheitsl\u00fccken aufweisen kann. ein l\u00fcckenloser schutz der daten vor dem zugriff durch dritte ist nicht m\u00f6glich. der nutzung von im rahmen der impressumspflicht ver\u00f6ffentlichten kontaktdaten durch dritte (etwa zur \u00fcbersendung von nicht ausdr\u00fccklich angeforderter werbung und informationsmaterialien oder mit jeglicher sonstiger absicht) wird hiermit ausdr\u00fccklich widersprochen. die betreiber dieser seiten behalten sich rechtliche schritte im falle der unverlangten zusendung von werbeinformationen, etwa durch spam-mails, vor.<\/p>\n\n\n\n<p>wir weisen darauf hin, dass wir abmahnungen ohne vorherige kontaktaufnahme mit dem ziel der schadensminimierung, als unverh\u00e4ltnism\u00e4\u00dfig betrachten, sie daher grunds\u00e4tzlich nicht anerkennen und in jedem fall gerichtlich abkl\u00e4ren lassen.<\/p>\n\n\n\n<p>_________<\/p>\n\n\n\n<p><strong>ZUS\u00c4TZLICHE ERKL\u00c4RUNGEN unter Verwendung von Informationen durch WordPress:<\/strong><\/p>\n\n\n\n<p><strong>Wer wir sind<\/strong><\/p>\n\n\n\n<p>Die Adresse unserer Website ist: https:\/\/efestext.de. Weitere Angaben siehe oben am Seitenbeginn.<\/p>\n\n\n\n<p><strong>Kommentare<\/strong><\/p>\n\n\n\n<p>Wenn Besucher Kommentare auf der Website schreiben, sammeln wir die Daten, die im Kommentar-Formular angezeigt werden, au\u00dferdem die IP-Adresse des Besuchers und den User-Agent-String (damit wird der Browser identifiziert), um die Erkennung von Spam zu unterst\u00fctzen.<\/p>\n\n\n\n<p>Aus deiner E-Mail-Adresse kann eine anonymisierte Zeichenfolge erstellt (auch Hash genannt) und dem Gravatar-Dienst \u00fcbergeben werden, um zu pr\u00fcfen, ob du diesen benutzt. Die Datenschutzerkl\u00e4rung des Gravatar-Dienstes findest du hier: https:\/\/automattic.com\/privacy\/. Nachdem dein Kommentar freigegeben wurde, ist dein Profilbild \u00f6ffentlich im Kontext deines Kommentars sichtbar.<\/p>\n\n\n\n<p><strong>Medien<\/strong><\/p>\n\n\n\n<p>Wenn du ein registrierter Benutzer bist und Fotos auf diese Website l\u00e4dst, solltest du vermeiden, Fotos mit einem EXIF-GPS-Standort hochzuladen. Besucher dieser Website k\u00f6nnten Fotos, die auf dieser Website gespeichert sind, herunterladen und deren Standort-Informationen extrahieren.<\/p>\n\n\n\n<p><strong>Cookies<\/strong><\/p>\n\n\n\n<p>Wenn du einen Kommentar auf unserer Website schreibst, kann das eine Einwilligung sein, deinen Namen, E-Mail-Adresse und Website in Cookies zu speichern. Dies ist eine Komfortfunktion, damit du nicht, wenn du einen weiteren Kommentar schreibst, all diese Daten erneut eingeben musst. Diese Cookies werden ein Jahr lang gespeichert.<\/p>\n\n\n\n<p>Falls du ein Konto hast und dich auf dieser Website anmeldest, werden wir ein tempor\u00e4res Cookie setzen, um festzustellen, ob dein Browser Cookies akzeptiert. Dieses Cookie enth\u00e4lt keine personenbezogenen Daten und wird verworfen, wenn du deinen Browser schlie\u00dft.<\/p>\n\n\n\n<p>Wenn du dich anmeldest, werden wir einige Cookies einrichten, um deine Anmeldeinformationen und Anzeigeoptionen zu speichern. Anmelde-Cookies verfallen nach zwei Tagen und Cookies f\u00fcr die Anzeigeoptionen nach einem Jahr. Falls du bei der Anmeldung \u201eAngemeldet bleiben\u201c ausw\u00e4hlst, wird deine Anmeldung zwei Wochen lang aufrechterhalten. Mit der Abmeldung aus deinem Konto werden die Anmelde-Cookies gel\u00f6scht.<\/p>\n\n\n\n<p>Wenn du einen Artikel bearbeitest oder ver\u00f6ffentlichst, wird ein zus\u00e4tzlicher Cookie in deinem Browser gespeichert. Dieser Cookie enth\u00e4lt keine personenbezogenen Daten und verweist nur auf die Beitrags-ID des Artikels, den du gerade bearbeitet hast. Der Cookie verf\u00e4llt nach einem Tag.<\/p>\n\n\n\n<p><strong>Eingebettete Inhalte von anderen Websites<\/strong><\/p>\n\n\n\n<p>Beitr\u00e4ge auf dieser Website k\u00f6nnen eingebettete Inhalte beinhalten (z.&nbsp;B. Videos, Bilder, Beitr\u00e4ge etc.). Eingebettete Inhalte von anderen Websites verhalten sich exakt so, als ob der Besucher die andere Website besucht h\u00e4tte.<\/p>\n\n\n\n<p>Diese Websites k\u00f6nnen Daten \u00fcber dich sammeln, Cookies benutzen, zus\u00e4tzliche Tracking-Dienste von Dritten einbetten und deine Interaktion mit diesem eingebetteten Inhalt aufzeichnen, inklusive deiner Interaktion mit dem eingebetteten Inhalt, falls du ein Konto hast und auf dieser Website angemeldet bist.<\/p>\n\n\n\n<p><strong>Mit wem wir deine Daten teilen<\/strong><\/p>\n\n\n\n<p>Wenn du eine Zur\u00fccksetzung des Passworts beantragst, wird deine IP-Adresse in der E-Mail zur Zur\u00fccksetzung enthalten sein.<\/p>\n\n\n\n<p><strong>Wie lange wir deine Daten speichern<\/strong><\/p>\n\n\n\n<p>Wenn du einen Kommentar schreibst, wird dieser inklusive Metadaten zeitlich unbegrenzt gespeichert. Auf diese Art k\u00f6nnen wir Folgekommentare automatisch erkennen und freigeben, anstatt sie in einer Moderations-Warteschlange festzuhalten.<\/p>\n\n\n\n<p>F\u00fcr Benutzer, die sich auf unserer Website registrieren, speichern wir zus\u00e4tzlich die pers\u00f6nlichen Informationen, die sie in ihren Benutzerprofilen angeben. Alle Benutzer k\u00f6nnen jederzeit ihre pers\u00f6nlichen Informationen einsehen, ver\u00e4ndern oder l\u00f6schen (der Benutzername kann nicht ver\u00e4ndert werden). Administratoren der Website k\u00f6nnen diese Informationen ebenfalls einsehen und ver\u00e4ndern.<\/p>\n\n\n\n<p><strong>Welche Rechte du an deinen Daten hast<\/strong><\/p>\n\n\n\n<p>Wenn du ein Konto auf dieser Website besitzt oder Kommentare geschrieben hast, kannst du einen Export deiner personenbezogenen Daten bei uns anfordern, inklusive aller Daten, die du uns mitgeteilt hast. Dar\u00fcber hinaus kannst du die L\u00f6schung aller personenbezogenen Daten, die wir von dir gespeichert haben, anfordern. Dies umfasst nicht die Daten, die wir aufgrund administrativer, rechtlicher oder sicherheitsrelevanter Notwendigkeiten aufbewahren m\u00fcssen.<\/p>\n\n\n\n<p><strong>Wohin wir deine Daten senden<\/strong><\/p>\n\n\n\n<p>Besucher-Kommentare k\u00f6nnten von einem automatisierten Dienst zur Spam-Erkennung untersucht werden. <\/p>\n\n\n\n<p><\/p>\n\n\n\n<p><\/p>\n","protected":false},"excerpt":{"rendered":"<p>impressum (angaben gem\u00e4\u00df \u00a7 5 tmg) holophrastus von rumoltstorff \/ mailkontakt \u00fcber: fuspecht [at] gmx [punkt] de \/ verantwortlich f\u00fcr den inhalt nach \u00a7 55 abs. 2 rstv: f.u.specht \/ schie\u00dfst\u00e4tte 1 \/ 82234 we\u00dfling \/ telefon: 08153952045 haftungsausschluss: haftung f\u00fcr inhalte: die inhalte unserer seiten wurden mit gr\u00f6\u00dfter sorgfalt erstellt. f\u00fcr die richtigkeit, vollst\u00e4ndigkeit [&hellip;]<\/p>\n","protected":false},"author":3,"featured_media":0,"parent":0,"menu_order":0,"comment_status":"closed","ping_status":"closed","template":"","meta":{"footnotes":""},"class_list":["post-11","page","type-page","status-publish","h-entry","hentry"],"_links":{"self":[{"href":"https:\/\/efestext.de\/index.php?rest_route=\/wp\/v2\/pages\/11","targetHints":{"allow":["GET"]}}],"collection":[{"href":"https:\/\/efestext.de\/index.php?rest_route=\/wp\/v2\/pages"}],"about":[{"href":"https:\/\/efestext.de\/index.php?rest_route=\/wp\/v2\/types\/page"}],"author":[{"embeddable":true,"href":"https:\/\/efestext.de\/index.php?rest_route=\/wp\/v2\/users\/3"}],"replies":[{"embeddable":true,"href":"https:\/\/efestext.de\/index.php?rest_route=%2Fwp%2Fv2%2Fcomments&post=11"}],"version-history":[{"count":8,"href":"https:\/\/efestext.de\/index.php?rest_route=\/wp\/v2\/pages\/11\/revisions"}],"predecessor-version":[{"id":265,"href":"https:\/\/efestext.de\/index.php?rest_route=\/wp\/v2\/pages\/11\/revisions\/265"}],"wp:attachment":[{"href":"https:\/\/efestext.de\/index.php?rest_route=%2Fwp%2Fv2%2Fmedia&parent=11"}],"curies":[{"name":"wp","href":"https:\/\/api.w.org\/{rel}","templated":true}]}}